{"id":288,"date":"2019-03-18T02:20:56","date_gmt":"2019-03-18T02:20:56","guid":{"rendered":"http:\/\/tinlanhlagi.com\/?page_id=288"},"modified":"2019-03-18T02:20:56","modified_gmt":"2019-03-18T02:20:56","slug":"lien-he","status":"publish","type":"page","link":"http:\/\/tinlanhlagi.com\/?page_id=288","title":{"rendered":"Li\u00ean h\u1ec7:"},"content":{"rendered":"\n<div class=\"wpcf7 no-js\" id=\"wpcf7-f287-o1\" lang=\"vi\" dir=\"ltr\">\n<div class=\"screen-reader-response\"><p role=\"status\" aria-live=\"polite\" aria-atomic=\"true\"><\/p> <ul><\/ul><\/div>\n<form action=\"\/index.php?rest_route=%2Fwp%2Fv2%2Fpages%2F288#wpcf7-f287-o1\" method=\"post\" class=\"wpcf7-form init\" aria-label=\"Form li\u00ean h\u1ec7\" novalidate=\"novalidate\" data-status=\"init\">\n<div style=\"display: none;\">\n<input type=\"hidden\" name=\"_wpcf7\" value=\"287\" \/>\n<input type=\"hidden\" name=\"_wpcf7_version\" value=\"5.9.8\" \/>\n<input type=\"hidden\" name=\"_wpcf7_locale\" value=\"vi\" \/>\n<input type=\"hidden\" name=\"_wpcf7_unit_tag\" value=\"wpcf7-f287-o1\" \/>\n<input type=\"hidden\" name=\"_wpcf7_container_post\" value=\"0\" \/>\n<input type=\"hidden\" name=\"_wpcf7_posted_data_hash\" value=\"\" \/>\n<\/div>\n<p><label> T\u00ean c\u1ee7a b\u1ea1n (b\u1eaft bu\u1ed9c)<br \/>\n<span class=\"wpcf7-form-control-wrap\" data-name=\"your-name\"><input size=\"40\" maxlength=\"400\" class=\"wpcf7-form-control wpcf7-text wpcf7-validates-as-required\" aria-required=\"true\" aria-invalid=\"false\" value=\"\" type=\"text\" name=\"your-name\" \/><\/span> <\/label>\n<\/p>\n<p><label> \u0110\u1ecba ch\u1ec9 Email (b\u1eaft bu\u1ed9c)<br \/>\n<span class=\"wpcf7-form-control-wrap\" data-name=\"your-email\"><input size=\"40\" maxlength=\"400\" class=\"wpcf7-form-control wpcf7-email wpcf7-validates-as-required wpcf7-text wpcf7-validates-as-email\" aria-required=\"true\" aria-invalid=\"false\" value=\"\" type=\"email\" name=\"your-email\" \/><\/span> <\/label>\n<\/p>\n<p><label> Ti\u00eau \u0111\u1ec1:<br \/>\n<span class=\"wpcf7-form-control-wrap\" data-name=\"your-subject\"><input size=\"40\" maxlength=\"400\" class=\"wpcf7-form-control wpcf7-text\" aria-invalid=\"false\" value=\"\" type=\"text\" name=\"your-subject\" \/><\/span> <\/label>\n<\/p>\n<p><label> Th\u00f4ng \u0111i\u1ec7p<br \/>\n<span class=\"wpcf7-form-control-wrap\" data-name=\"your-message\"><textarea cols=\"40\" rows=\"10\" maxlength=\"2000\" class=\"wpcf7-form-control wpcf7-textarea\" aria-invalid=\"false\" name=\"your-message\"><\/textarea><\/span> <\/label>\n<\/p>\n<p><input class=\"wpcf7-form-control wpcf7-submit has-spinner\" type=\"submit\" value=\"G\u1eedi \u0111i\" \/>\n<\/p><div class=\"wpcf7-response-output\" aria-hidden=\"true\"><\/div>\n<\/form>\n<\/div>\n\n","protected":false},"excerpt":{"rendered":"","protected":false},"author":1,"featured_media":0,"parent":0,"menu_order":0,"comment_status":"closed","ping_status":"closed","template":"","meta":{"footnotes":""},"class_list":["post-288","page","type-page","status-publish","hentry"],"yoast_head":"<!-- This site is optimized with the Yoast SEO plugin v23.6 - https:\/\/yoast.com\/wordpress\/plugins\/seo\/ -->\n<title>Li\u00ean h\u1ec7: - Tin L\u00e0nh L\u00e0 G\u00ec?<\/title>\n<meta name=\"robots\" content=\"index, follow, max-snippet:-1, max-image-preview:large, max-video-preview:-1\" \/>\n<link rel=\"canonical\" href=\"http:\/\/tinlanhlagi.com\/?page_id=288\" \/>\n<meta property=\"og:locale\" content=\"vi_VN\" \/>\n<meta property=\"og:type\" content=\"article\" \/>\n<meta property=\"og:title\" content=\"Li\u00ean h\u1ec7: - Tin L\u00e0nh L\u00e0 G\u00ec?\" \/>\n<meta property=\"og:url\" content=\"http:\/\/tinlanhlagi.com\/?page_id=288\" \/>\n<meta property=\"og:site_name\" content=\"Tin L\u00e0nh L\u00e0 G\u00ec?\" \/>\n<meta name=\"twitter:card\" content=\"summary_large_image\" \/>\n<script type=\"application\/ld+json\" class=\"yoast-schema-graph\">{\"@context\":\"https:\/\/schema.org\",\"@graph\":[{\"@type\":\"WebPage\",\"@id\":\"http:\/\/tinlanhlagi.com\/?page_id=288\",\"url\":\"http:\/\/tinlanhlagi.com\/?page_id=288\",\"name\":\"Li\u00ean h\u1ec7: - Tin L\u00e0nh L\u00e0 G\u00ec?\",\"isPartOf\":{\"@id\":\"http:\/\/tinlanhlagi.com\/#website\"},\"datePublished\":\"2019-03-18T02:20:56+00:00\",\"dateModified\":\"2019-03-18T02:20:56+00:00\",\"breadcrumb\":{\"@id\":\"http:\/\/tinlanhlagi.com\/?page_id=288#breadcrumb\"},\"inLanguage\":\"vi\",\"potentialAction\":[{\"@type\":\"ReadAction\",\"target\":[\"http:\/\/tinlanhlagi.com\/?page_id=288\"]}]},{\"@type\":\"BreadcrumbList\",\"@id\":\"http:\/\/tinlanhlagi.com\/?page_id=288#breadcrumb\",\"itemListElement\":[{\"@type\":\"ListItem\",\"position\":1,\"name\":\"Trang ch\u1ee7\",\"item\":\"http:\/\/tinlanhlagi.com\/\"},{\"@type\":\"ListItem\",\"position\":2,\"name\":\"Li\u00ean h\u1ec7:\"}]},{\"@type\":\"WebSite\",\"@id\":\"http:\/\/tinlanhlagi.com\/#website\",\"url\":\"http:\/\/tinlanhlagi.com\/\",\"name\":\"Tin L\u00e0nh L\u00e0 G\u00ec?\",\"description\":\"\",\"potentialAction\":[{\"@type\":\"SearchAction\",\"target\":{\"@type\":\"EntryPoint\",\"urlTemplate\":\"http:\/\/tinlanhlagi.com\/?s={search_term_string}\"},\"query-input\":{\"@type\":\"PropertyValueSpecification\",\"valueRequired\":true,\"valueName\":\"search_term_string\"}}],\"inLanguage\":\"vi\"}]}<\/script>\n<!-- \/ Yoast SEO plugin. -->","yoast_head_json":{"title":"Li\u00ean h\u1ec7: - Tin L\u00e0nh L\u00e0 G\u00ec?","robots":{"index":"index","follow":"follow","max-snippet":"max-snippet:-1","max-image-preview":"max-image-preview:large","max-video-preview":"max-video-preview:-1"},"canonical":"http:\/\/tinlanhlagi.com\/?page_id=288","og_locale":"vi_VN","og_type":"article","og_title":"Li\u00ean h\u1ec7: - Tin L\u00e0nh L\u00e0 G\u00ec?","og_url":"http:\/\/tinlanhlagi.com\/?page_id=288","og_site_name":"Tin L\u00e0nh L\u00e0 G\u00ec?","twitter_card":"summary_large_image","schema":{"@context":"https:\/\/schema.org","@graph":[{"@type":"WebPage","@id":"http:\/\/tinlanhlagi.com\/?page_id=288","url":"http:\/\/tinlanhlagi.com\/?page_id=288","name":"Li\u00ean h\u1ec7: - Tin L\u00e0nh L\u00e0 G\u00ec?","isPartOf":{"@id":"http:\/\/tinlanhlagi.com\/#website"},"datePublished":"2019-03-18T02:20:56+00:00","dateModified":"2019-03-18T02:20:56+00:00","breadcrumb":{"@id":"http:\/\/tinlanhlagi.com\/?page_id=288#breadcrumb"},"inLanguage":"vi","potentialAction":[{"@type":"ReadAction","target":["http:\/\/tinlanhlagi.com\/?page_id=288"]}]},{"@type":"BreadcrumbList","@id":"http:\/\/tinlanhlagi.com\/?page_id=288#breadcrumb","itemListElement":[{"@type":"ListItem","position":1,"name":"Trang ch\u1ee7","item":"http:\/\/tinlanhlagi.com\/"},{"@type":"ListItem","position":2,"name":"Li\u00ean h\u1ec7:"}]},{"@type":"WebSite","@id":"http:\/\/tinlanhlagi.com\/#website","url":"http:\/\/tinlanhlagi.com\/","name":"Tin L\u00e0nh L\u00e0 G\u00ec?","description":"","potentialAction":[{"@type":"SearchAction","target":{"@type":"EntryPoint","urlTemplate":"http:\/\/tinlanhlagi.com\/?s={search_term_string}"},"query-input":{"@type":"PropertyValueSpecification","valueRequired":true,"valueName":"search_term_string"}}],"inLanguage":"vi"}]}},"_links":{"self":[{"href":"http:\/\/tinlanhlagi.com\/index.php?rest_route=\/wp\/v2\/pages\/288","targetHints":{"allow":["GET"]}}],"collection":[{"href":"http:\/\/tinlanhlagi.com\/index.php?rest_route=\/wp\/v2\/pages"}],"about":[{"href":"http:\/\/tinlanhlagi.com\/index.php?rest_route=\/wp\/v2\/types\/page"}],"author":[{"embeddable":true,"href":"http:\/\/tinlanhlagi.com\/index.php?rest_route=\/wp\/v2\/users\/1"}],"replies":[{"embeddable":true,"href":"http:\/\/tinlanhlagi.com\/index.php?rest_route=%2Fwp%2Fv2%2Fcomments&post=288"}],"version-history":[{"count":1,"href":"http:\/\/tinlanhlagi.com\/index.php?rest_route=\/wp\/v2\/pages\/288\/revisions"}],"predecessor-version":[{"id":290,"href":"http:\/\/tinlanhlagi.com\/index.php?rest_route=\/wp\/v2\/pages\/288\/revisions\/290"}],"wp:attachment":[{"href":"http:\/\/tinlanhlagi.com\/index.php?rest_route=%2Fwp%2Fv2%2Fmedia&parent=288"}],"curies":[{"name":"wp","href":"https:\/\/api.w.org\/{rel}","templated":true}]}}