{"id":353,"date":"2019-03-25T13:05:06","date_gmt":"2019-03-25T13:05:06","guid":{"rendered":"http:\/\/tinlanhlagi.com\/?page_id=353"},"modified":"2019-03-25T13:12:02","modified_gmt":"2019-03-25T13:12:02","slug":"loi-cau-nguyen","status":"publish","type":"page","link":"http:\/\/tinlanhlagi.com\/?page_id=353","title":{"rendered":"L\u1eddi C\u1ea7u Nguy\u1ec7n"},"content":{"rendered":"<p>N\u1ebfu b\u1ea1n \u0111\u00e3 bi\u1ebft \u0110\u1ee9c Ch\u00faa Tr\u1eddi l\u00e0 \u0110\u1ea5ng T\u1ea1o H\u00f3a, Ng\u00e0i \u0111\u00e3 t\u1ea1o d\u1ef1ng n\u00ean b\u1ea1n v\u00e0 y\u00eau th\u01b0\u01a1ng b\u1ea1n. Ng\u00e0i kh\u00f4ng mu\u1ed1n b\u1ea1n s\u1ed1ng m\u1ed9t cu\u1ed9c \u0111\u1eddi v\u00f4 ngh\u0129a v\u00e0 cu\u1ed1i c\u00f9ng b\u1ecb ch\u1ebft \u0111\u1eddi \u0111\u1eddi trong h\u1ecfa ng\u1ee5c. \u0110\u1ee9c Ch\u00faa Tr\u1eddi \u0111\u00e3 ban Ch\u00faa Gi\u00ea-xu cho ch\u00fang ta. Ng\u00e0i \u0111\u00e3 ch\u1ecbu ch\u1ebft thay t\u1ed9i cho B\u1ea1n tr\u00ean th\u1eadp t\u1ef1 gi\u00e1. Gi\u1edd \u0111\u00e2y n\u1ebfu l\u00f2ng b\u1ea1n mu\u1ed1n \u0111\u1eb7t ni\u1ec1m tin n\u01a1i Ch\u00faa Gi\u00ea-xu b\u1ea1n c\u00f3 th\u1ec3 th\u01b0a v\u1edbi Ch\u00faa l\u1eddi c\u1ea7u nguy\u1ec7n sau \u0111\u00e2y. Nh\u01b0ng b\u1ea1n h\u00e3y nh\u1edb, kh\u00f4ng ph\u1ea3i nh\u1edd \u0111\u1ecdc l\u1eddi c\u1ea7u nguy\u1ec7n m\u00e0 b\u1ea1n \u0111\u01b0\u1ee3c c\u1ee9u. Nh\u01b0ng ch\u00ednh l\u00e0 ni\u1ec1m tin c\u1ee7a b\u1ea1n n\u01a1i Ch\u00faa Gi\u00ea-xu l\u00e0 \u0110\u1ea5ng \u0111\u00e3 c\u1ee9u B\u1ea1n, v\u00e0 B\u1ea1n m\u1eddi Ng\u00e0i l\u00e0m Ch\u1ee7 cu\u1ed9c \u0111\u1eddi B\u1ea1n t\u1eeb h\u00f4m nay.<\/p>\n<p><strong>&#8216;K\u00ednh l\u1ea1y Ch\u00faa Gi\u00ea-xu l\u00e0 \u0110\u1ea5ng t\u1ea1o d\u1ef1ng n\u00ean con,<br \/>\n<\/strong><strong>l\u00e2u nay con s\u1ed1ng theo \u00fd c\u1ee7a con v\u00e0 kh\u00f4ng t\u00f4n th\u1edd Ng\u00e0i.<br \/>\nCon nh\u1eadn bi\u1ebft con l\u00e0 m\u1ed9t k\u1ebb c\u00f3 t\u1ed9i.<br \/>\nCon bi\u1ebft r\u1eb1ng con x\u1ee9ng \u0111\u00e1ng ph\u1ea3i ch\u1ecbu h\u00ecnh ph\u1ea1t v\u00ec c\u1edb t\u1ed9i l\u1ed7i c\u1ee7a m\u00ecnh.<br \/>\nGi\u1edd \u0111\u00e2y, con vui m\u1eebng c\u1ea3m t\u1ea1 Ng\u00e0i v\u00ec Ng\u00e0i \u0111\u00e3 y\u00eau th\u01b0\u01a1ng con,<br \/>\nCh\u00faa Gi\u00ea-xu \u0111\u00e3 gi\u00e1ng th\u1ebf l\u00e0m ng\u01b0\u1eddi,<br \/>\nch\u1ecbu ch\u1ebft thay t\u1ed9i l\u1ed7i c\u1ee7a con; v\u00e0 Ng\u00e0i \u0111\u00e3 s\u1ed1ng l\u1ea1i.<br \/>\nGi\u1edd \u0111\u00e2y con b\u1eb1ng l\u00f2ng tin v\u00e0 ti\u1ebfp nh\u1eadn m\u1ed9t m\u00ecnh Ng\u00e0i l\u00e0 C\u1ee9u Ch\u00faa c\u1ee7a con.<br \/>\nXin Ch\u00faa tha t\u1ed9i cho con, ng\u1ef1 v\u00e0o l\u00f2ng con,&nbsp;<br \/>\n<\/strong><strong>l\u00e0m Ch\u00faa cu\u1ed9c \u0111\u1eddi con, xin&nbsp;<\/strong><strong>nh\u1eadn con l\u00e0m con c\u1ee7a Ng\u00e0i.<br \/>\nXin Ch\u00faa gi\u00fap con s\u1ed1ng theo L\u1eddi Ng\u00e0i \u0111\u1ec3 \u0111\u1eddi con th\u1ecfa vui v\u00e0 c\u00f3 \u00fd ngh\u0129a, con c\u1ea3m t\u1ea1 Ng\u00e0i.<br \/>\nCon th\u00e0nh t\u00e2m c\u1ea7u nguy\u1ec7n, nh\u00e2n danh Ch\u00faa Gi\u00ea-xu. A-men.&#8217; (*)<br \/>\n<\/strong><br \/>\n(*) A-men c\u00f3 ngh\u0129a l\u00e0 &#8216;th\u00e0nh t\u00e2m nguy\u1ec7n \u01b0\u1edbc nh\u01b0 v\u1eady&#8217;.<\/p>\n<p>&nbsp;<\/p>\n<p>N\u1ebfu b\u1ea1n th\u1eadt l\u00f2ng n\u00f3i l\u1eddi c\u1ea7u nguy\u1ec7n tr\u00ean \u0111\u00e2y v\u1edbi Ch\u00faa Gi\u00ea-xu th\u00ec ngay gi\u1edd n\u00e0y b\u1ea1n \u0111\u01b0\u1ee3c ch\u00ednh \u0110\u1ee9c Ch\u00faa Tr\u1eddi g\u1ecdi b\u1ea1n l\u00e0 con c\u1ee7a Ng\u00e0i (Gi\u0103ng 1:12).<\/p>\n<p>Ch\u00ednh Ch\u00faa Gi\u00ea-xu n\u00f3i r\u1eb1ng:&nbsp;<em><strong>&#8220;Ai nghe l\u1eddi Ta v\u00e0 tin \u0110\u1ea5ng \u0111\u00e3 sai Ta, th\u00ec \u0111\u01b0\u1ee3c s\u1ef1 s\u1ed1ng \u0111\u1eddi \u0111\u1eddi, v\u00e0 kh\u00f4ng \u0111\u1ebfn s\u1ef1 ph\u00e1n x\u00e9t, song v\u01b0\u1ee3t kh\u1ecfi s\u1ef1 ch\u1ebft m\u00e0 \u0111\u1ebfn s\u1ef1 s\u1ed1ng.&#8221;<\/strong><\/em><\/p>\n<p>&nbsp;<\/p>\n<p>&#8211; B\u1ea1n \u0111\u00e3 &#8220;<strong>nghe<\/strong>&#8221; l\u1eddi Ch\u00faa ph\u1ea3i kh\u00f4ng?<\/p>\n<p>&#8211; B\u1ea1n &#8220;<strong>tin<\/strong>&#8221; \u0111i\u1ec1u Ch\u00faa \u0111\u00e3 ph\u00e1n v\u00e0 tin c\u1eady Ch\u00faa Gi\u00ea-xu l\u00e0 C\u1ee9u Ch\u00faa ph\u1ea3i kh\u00f4ng?<\/p>\n<p>&#8211; C\u00e2u Kinh Th\u00e1nh &#8220;<strong>th\u00ec \u0111\u01b0\u1ee3c s\u1ef1 s\u1ed1ng \u0111\u1eddi \u0111\u1eddi<\/strong>&#8221; c\u00f3 ngh\u0129a l\u00e0 b\u1ea1n nh\u1eadn \u0111\u01b0\u1ee3c ngay b\u00e2y gi\u1edd hay khi n\u00e0o?<\/p>\n<p>&#8211; C\u00e2u &#8220;<strong>kh\u00f4ng \u0111\u1ebfn s\u1ef1 ph\u00e1n x\u00e9t<\/strong>&#8221; c\u00f3 ngh\u0129a l\u00e0 ch\u1eafc ch\u1eafc hay ch\u1ec9 hy v\u1ecdng m\u00e0 th\u00f4i?<\/p>\n<p>&#8211; L\u1eddi Ch\u00faa c\u00f3 n\u00f3i l\u00e0 &#8220;<strong>v\u01b0\u1ee3t kh\u1ecfi s\u1ef1 ch\u1ebft m\u00e0 \u0111\u1ebfn s\u1ef1 s\u1ed1ng<\/strong>&#8221; kh\u00f4ng?<\/p>\n<p>&nbsp;<\/p>\n<p>S\u1ef1 s\u1ed1ng \u0111\u1eddi \u0111\u1eddi l\u00e0 t\u1eb7ng ph\u1ea9m c\u1ee7a \u0110\u1ee9c Ch\u00faa Tr\u1eddi d\u00e0nh cho B\u1ea1n ngay h\u00f4m nay, \u0111\u00f3 l\u00e0 s\u1ef1 th\u1eadt. B\u1ea1n h\u00e3y tin, \u0111\u1eebng d\u1ef1a v\u00e0o c\u1ea3m x\u00fac.<\/p>\n<p>&nbsp;<\/p>\n<p>\u0110\u1ee9c Ch\u00faa Tr\u1eddi c\u0169ng s\u1ebd l\u00e0m nhi\u1ec1u \u0111i\u1ec1u l\u1ea1 l\u00f9ng tr\u00ean \u0111\u1eddi s\u1ed1ng b\u1ea1n k\u1ec3 t\u1eeb khi b\u1ea1n m\u1eddi Ng\u00e0i l\u00e0m Ch\u1ee7 cu\u1ed9c \u0111\u1eddi m\u00ecnh.<\/p>\n<p>Ch\u00fang t\u00f4i xin hoan ngh\u00eanh b\u1ea1n v\u00e0 s\u1eb5n s\u00e0ng gi\u00fap \u0111\u1ee1 b\u1ea1n nh\u1eefng b\u01b0\u1edbc \u0111\u1ea7u ti\u00ean tr\u00ean con \u0111\u01b0\u1eddng theo Ch\u00faa.<\/p>\n<p>Xin b\u1ea1n h\u00e3y li\u00ean h\u1ec7 v\u1edbi ch\u00fang t\u00f4i \u0111\u1ec3 \u0111\u01b0\u1ee3c h\u01b0\u1edbng d\u1eabn th\u00eam.&nbsp;<a href=\"http:\/\/tinlanhlagi.com\/lien-he\/\"><strong>LI\u00caN H\u1ec6<\/strong><\/a><\/p>\n","protected":false},"excerpt":{"rendered":"<p>N\u1ebfu b\u1ea1n \u0111\u00e3 bi\u1ebft \u0110\u1ee9c Ch\u00faa Tr\u1eddi l\u00e0 \u0110\u1ea5ng T\u1ea1o H\u00f3a, Ng\u00e0i \u0111\u00e3 t\u1ea1o d\u1ef1ng n\u00ean b\u1ea1n v\u00e0 y\u00eau th\u01b0\u01a1ng b\u1ea1n. Ng\u00e0i kh\u00f4ng mu\u1ed1n b\u1ea1n s\u1ed1ng m\u1ed9t cu\u1ed9c \u0111\u1eddi v\u00f4 ngh\u0129a v\u00e0 cu\u1ed1i c\u00f9ng b\u1ecb ch\u1ebft \u0111\u1eddi \u0111\u1eddi trong h\u1ecfa ng\u1ee5c. \u0110\u1ee9c Ch\u00faa Tr\u1eddi \u0111\u00e3 ban Ch\u00faa Gi\u00ea-xu cho ch\u00fang ta. Ng\u00e0i \u0111\u00e3 ch\u1ecbu ch\u1ebft thay t\u1ed9i cho B\u1ea1n tr\u00ean th\u1eadp t\u1ef1 gi\u00e1. Gi\u1edd \u0111\u00e2y n\u1ebfu l\u00f2ng b\u1ea1n mu\u1ed1n \u0111\u1eb7t ni\u1ec1m tin n\u01a1i Ch\u00faa Gi\u00ea-xu b\u1ea1n c\u00f3 th\u1ec3 th\u01b0a v\u1edbi&#8230;<\/p>\n<p class=\"read-more\"><a class=\"btn btn-default\" href=\"http:\/\/tinlanhlagi.com\/?page_id=353\">\u0110\u1ecdc Th\u00eam<span class=\"screen-reader-text\"> \u0110\u1ecdc Th\u00eam<\/span><\/a><\/p>\n","protected":false},"author":1,"featured_media":356,"parent":0,"menu_order":0,"comment_status":"closed","ping_status":"closed","template":"","meta":{"footnotes":""},"class_list":["post-353","page","type-page","status-publish","has-post-thumbnail","hentry"],"yoast_head":"<!-- This site is optimized with the Yoast SEO plugin v23.6 - https:\/\/yoast.com\/wordpress\/plugins\/seo\/ -->\n<title>L\u1eddi C\u1ea7u Nguy\u1ec7n - Tin L\u00e0nh L\u00e0 G\u00ec?<\/title>\n<meta name=\"robots\" content=\"index, follow, max-snippet:-1, max-image-preview:large, max-video-preview:-1\" \/>\n<link rel=\"canonical\" href=\"http:\/\/tinlanhlagi.com\/?page_id=353\" \/>\n<meta property=\"og:locale\" content=\"vi_VN\" \/>\n<meta property=\"og:type\" content=\"article\" \/>\n<meta property=\"og:title\" content=\"L\u1eddi C\u1ea7u Nguy\u1ec7n - Tin L\u00e0nh L\u00e0 G\u00ec?\" \/>\n<meta property=\"og:description\" content=\"N\u1ebfu b\u1ea1n \u0111\u00e3 bi\u1ebft \u0110\u1ee9c Ch\u00faa Tr\u1eddi l\u00e0 \u0110\u1ea5ng T\u1ea1o H\u00f3a, Ng\u00e0i \u0111\u00e3 t\u1ea1o d\u1ef1ng n\u00ean b\u1ea1n v\u00e0 y\u00eau th\u01b0\u01a1ng b\u1ea1n. Ng\u00e0i kh\u00f4ng mu\u1ed1n b\u1ea1n s\u1ed1ng m\u1ed9t cu\u1ed9c \u0111\u1eddi v\u00f4 ngh\u0129a v\u00e0 cu\u1ed1i c\u00f9ng b\u1ecb ch\u1ebft \u0111\u1eddi \u0111\u1eddi trong h\u1ecfa ng\u1ee5c. \u0110\u1ee9c Ch\u00faa Tr\u1eddi \u0111\u00e3 ban Ch\u00faa Gi\u00ea-xu cho ch\u00fang ta. Ng\u00e0i \u0111\u00e3 ch\u1ecbu ch\u1ebft thay t\u1ed9i cho B\u1ea1n tr\u00ean th\u1eadp t\u1ef1 gi\u00e1. Gi\u1edd \u0111\u00e2y n\u1ebfu l\u00f2ng b\u1ea1n mu\u1ed1n \u0111\u1eb7t ni\u1ec1m tin n\u01a1i Ch\u00faa Gi\u00ea-xu b\u1ea1n c\u00f3 th\u1ec3 th\u01b0a v\u1edbi...\u0110\u1ecdc Th\u00eam \u0110\u1ecdc Th\u00eam\" \/>\n<meta property=\"og:url\" content=\"http:\/\/tinlanhlagi.com\/?page_id=353\" \/>\n<meta property=\"og:site_name\" content=\"Tin L\u00e0nh L\u00e0 G\u00ec?\" \/>\n<meta property=\"article:modified_time\" content=\"2019-03-25T13:12:02+00:00\" \/>\n<meta property=\"og:image\" content=\"http:\/\/tinlanhlagi.com\/wp-content\/uploads\/2019\/03\/Loi-Cau-nguyen.jpg\" \/>\n\t<meta property=\"og:image:width\" content=\"608\" \/>\n\t<meta property=\"og:image:height\" content=\"342\" \/>\n\t<meta property=\"og:image:type\" content=\"image\/jpeg\" \/>\n<meta name=\"twitter:card\" content=\"summary_large_image\" \/>\n<meta name=\"twitter:label1\" content=\"\u01af\u1edbc t\u00ednh th\u1eddi gian \u0111\u1ecdc\" \/>\n\t<meta name=\"twitter:data1\" content=\"4 ph\u00fat\" \/>\n<script type=\"application\/ld+json\" class=\"yoast-schema-graph\">{\"@context\":\"https:\/\/schema.org\",\"@graph\":[{\"@type\":\"WebPage\",\"@id\":\"http:\/\/tinlanhlagi.com\/?page_id=353\",\"url\":\"http:\/\/tinlanhlagi.com\/?page_id=353\",\"name\":\"L\u1eddi C\u1ea7u Nguy\u1ec7n - Tin L\u00e0nh L\u00e0 G\u00ec?\",\"isPartOf\":{\"@id\":\"http:\/\/tinlanhlagi.com\/#website\"},\"primaryImageOfPage\":{\"@id\":\"http:\/\/tinlanhlagi.com\/?page_id=353#primaryimage\"},\"image\":{\"@id\":\"http:\/\/tinlanhlagi.com\/?page_id=353#primaryimage\"},\"thumbnailUrl\":\"http:\/\/tinlanhlagi.com\/wp-content\/uploads\/2019\/03\/Loi-Cau-nguyen.jpg\",\"datePublished\":\"2019-03-25T13:05:06+00:00\",\"dateModified\":\"2019-03-25T13:12:02+00:00\",\"breadcrumb\":{\"@id\":\"http:\/\/tinlanhlagi.com\/?page_id=353#breadcrumb\"},\"inLanguage\":\"vi\",\"potentialAction\":[{\"@type\":\"ReadAction\",\"target\":[\"http:\/\/tinlanhlagi.com\/?page_id=353\"]}]},{\"@type\":\"ImageObject\",\"inLanguage\":\"vi\",\"@id\":\"http:\/\/tinlanhlagi.com\/?page_id=353#primaryimage\",\"url\":\"http:\/\/tinlanhlagi.com\/wp-content\/uploads\/2019\/03\/Loi-Cau-nguyen.jpg\",\"contentUrl\":\"http:\/\/tinlanhlagi.com\/wp-content\/uploads\/2019\/03\/Loi-Cau-nguyen.jpg\",\"width\":608,\"height\":342},{\"@type\":\"BreadcrumbList\",\"@id\":\"http:\/\/tinlanhlagi.com\/?page_id=353#breadcrumb\",\"itemListElement\":[{\"@type\":\"ListItem\",\"position\":1,\"name\":\"Trang ch\u1ee7\",\"item\":\"http:\/\/tinlanhlagi.com\/\"},{\"@type\":\"ListItem\",\"position\":2,\"name\":\"L\u1eddi C\u1ea7u Nguy\u1ec7n\"}]},{\"@type\":\"WebSite\",\"@id\":\"http:\/\/tinlanhlagi.com\/#website\",\"url\":\"http:\/\/tinlanhlagi.com\/\",\"name\":\"Tin L\u00e0nh L\u00e0 G\u00ec?\",\"description\":\"\",\"potentialAction\":[{\"@type\":\"SearchAction\",\"target\":{\"@type\":\"EntryPoint\",\"urlTemplate\":\"http:\/\/tinlanhlagi.com\/?s={search_term_string}\"},\"query-input\":{\"@type\":\"PropertyValueSpecification\",\"valueRequired\":true,\"valueName\":\"search_term_string\"}}],\"inLanguage\":\"vi\"}]}<\/script>\n<!-- \/ Yoast SEO plugin. -->","yoast_head_json":{"title":"L\u1eddi C\u1ea7u Nguy\u1ec7n - Tin L\u00e0nh L\u00e0 G\u00ec?","robots":{"index":"index","follow":"follow","max-snippet":"max-snippet:-1","max-image-preview":"max-image-preview:large","max-video-preview":"max-video-preview:-1"},"canonical":"http:\/\/tinlanhlagi.com\/?page_id=353","og_locale":"vi_VN","og_type":"article","og_title":"L\u1eddi C\u1ea7u Nguy\u1ec7n - Tin L\u00e0nh L\u00e0 G\u00ec?","og_description":"N\u1ebfu b\u1ea1n \u0111\u00e3 bi\u1ebft \u0110\u1ee9c Ch\u00faa Tr\u1eddi l\u00e0 \u0110\u1ea5ng T\u1ea1o H\u00f3a, Ng\u00e0i \u0111\u00e3 t\u1ea1o d\u1ef1ng n\u00ean b\u1ea1n v\u00e0 y\u00eau th\u01b0\u01a1ng b\u1ea1n. Ng\u00e0i kh\u00f4ng mu\u1ed1n b\u1ea1n s\u1ed1ng m\u1ed9t cu\u1ed9c \u0111\u1eddi v\u00f4 ngh\u0129a v\u00e0 cu\u1ed1i c\u00f9ng b\u1ecb ch\u1ebft \u0111\u1eddi \u0111\u1eddi trong h\u1ecfa ng\u1ee5c. \u0110\u1ee9c Ch\u00faa Tr\u1eddi \u0111\u00e3 ban Ch\u00faa Gi\u00ea-xu cho ch\u00fang ta. Ng\u00e0i \u0111\u00e3 ch\u1ecbu ch\u1ebft thay t\u1ed9i cho B\u1ea1n tr\u00ean th\u1eadp t\u1ef1 gi\u00e1. Gi\u1edd \u0111\u00e2y n\u1ebfu l\u00f2ng b\u1ea1n mu\u1ed1n \u0111\u1eb7t ni\u1ec1m tin n\u01a1i Ch\u00faa Gi\u00ea-xu b\u1ea1n c\u00f3 th\u1ec3 th\u01b0a v\u1edbi...\u0110\u1ecdc Th\u00eam \u0110\u1ecdc Th\u00eam","og_url":"http:\/\/tinlanhlagi.com\/?page_id=353","og_site_name":"Tin L\u00e0nh L\u00e0 G\u00ec?","article_modified_time":"2019-03-25T13:12:02+00:00","og_image":[{"width":608,"height":342,"url":"http:\/\/tinlanhlagi.com\/wp-content\/uploads\/2019\/03\/Loi-Cau-nguyen.jpg","type":"image\/jpeg"}],"twitter_card":"summary_large_image","twitter_misc":{"\u01af\u1edbc t\u00ednh th\u1eddi gian \u0111\u1ecdc":"4 ph\u00fat"},"schema":{"@context":"https:\/\/schema.org","@graph":[{"@type":"WebPage","@id":"http:\/\/tinlanhlagi.com\/?page_id=353","url":"http:\/\/tinlanhlagi.com\/?page_id=353","name":"L\u1eddi C\u1ea7u Nguy\u1ec7n - Tin L\u00e0nh L\u00e0 G\u00ec?","isPartOf":{"@id":"http:\/\/tinlanhlagi.com\/#website"},"primaryImageOfPage":{"@id":"http:\/\/tinlanhlagi.com\/?page_id=353#primaryimage"},"image":{"@id":"http:\/\/tinlanhlagi.com\/?page_id=353#primaryimage"},"thumbnailUrl":"http:\/\/tinlanhlagi.com\/wp-content\/uploads\/2019\/03\/Loi-Cau-nguyen.jpg","datePublished":"2019-03-25T13:05:06+00:00","dateModified":"2019-03-25T13:12:02+00:00","breadcrumb":{"@id":"http:\/\/tinlanhlagi.com\/?page_id=353#breadcrumb"},"inLanguage":"vi","potentialAction":[{"@type":"ReadAction","target":["http:\/\/tinlanhlagi.com\/?page_id=353"]}]},{"@type":"ImageObject","inLanguage":"vi","@id":"http:\/\/tinlanhlagi.com\/?page_id=353#primaryimage","url":"http:\/\/tinlanhlagi.com\/wp-content\/uploads\/2019\/03\/Loi-Cau-nguyen.jpg","contentUrl":"http:\/\/tinlanhlagi.com\/wp-content\/uploads\/2019\/03\/Loi-Cau-nguyen.jpg","width":608,"height":342},{"@type":"BreadcrumbList","@id":"http:\/\/tinlanhlagi.com\/?page_id=353#breadcrumb","itemListElement":[{"@type":"ListItem","position":1,"name":"Trang ch\u1ee7","item":"http:\/\/tinlanhlagi.com\/"},{"@type":"ListItem","position":2,"name":"L\u1eddi C\u1ea7u Nguy\u1ec7n"}]},{"@type":"WebSite","@id":"http:\/\/tinlanhlagi.com\/#website","url":"http:\/\/tinlanhlagi.com\/","name":"Tin L\u00e0nh L\u00e0 G\u00ec?","description":"","potentialAction":[{"@type":"SearchAction","target":{"@type":"EntryPoint","urlTemplate":"http:\/\/tinlanhlagi.com\/?s={search_term_string}"},"query-input":{"@type":"PropertyValueSpecification","valueRequired":true,"valueName":"search_term_string"}}],"inLanguage":"vi"}]}},"_links":{"self":[{"href":"http:\/\/tinlanhlagi.com\/index.php?rest_route=\/wp\/v2\/pages\/353","targetHints":{"allow":["GET"]}}],"collection":[{"href":"http:\/\/tinlanhlagi.com\/index.php?rest_route=\/wp\/v2\/pages"}],"about":[{"href":"http:\/\/tinlanhlagi.com\/index.php?rest_route=\/wp\/v2\/types\/page"}],"author":[{"embeddable":true,"href":"http:\/\/tinlanhlagi.com\/index.php?rest_route=\/wp\/v2\/users\/1"}],"replies":[{"embeddable":true,"href":"http:\/\/tinlanhlagi.com\/index.php?rest_route=%2Fwp%2Fv2%2Fcomments&post=353"}],"version-history":[{"count":3,"href":"http:\/\/tinlanhlagi.com\/index.php?rest_route=\/wp\/v2\/pages\/353\/revisions"}],"predecessor-version":[{"id":358,"href":"http:\/\/tinlanhlagi.com\/index.php?rest_route=\/wp\/v2\/pages\/353\/revisions\/358"}],"wp:featuredmedia":[{"embeddable":true,"href":"http:\/\/tinlanhlagi.com\/index.php?rest_route=\/wp\/v2\/media\/356"}],"wp:attachment":[{"href":"http:\/\/tinlanhlagi.com\/index.php?rest_route=%2Fwp%2Fv2%2Fmedia&parent=353"}],"curies":[{"name":"wp","href":"https:\/\/api.w.org\/{rel}","templated":true}]}}